{"id":13,"date":"2021-01-25T22:24:47","date_gmt":"2021-01-25T21:24:47","guid":{"rendered":"http:\/\/zta-management.com\/?page_id=13"},"modified":"2024-07-01T09:45:21","modified_gmt":"2024-07-01T07:45:21","slug":"about","status":"publish","type":"page","link":"https:\/\/zta-management.com\/en\/about\/","title":{"rendered":"About"},"content":{"rendered":"<div data-elementor-type=\"wp-page\" data-elementor-id=\"13\" class=\"elementor elementor-13\" data-elementor-post-type=\"page\">\n\t\t\t\t\t\t<section class=\"elementor-section elementor-top-section elementor-element elementor-element-6ba1114 elementor-section-height-min-height elementor-section-boxed elementor-section-height-default elementor-section-items-middle\" data-id=\"6ba1114\" data-element_type=\"section\" data-e-type=\"section\" data-settings=\"{&quot;background_background&quot;:&quot;classic&quot;}\">\n\t\t\t\t\t\t<div class=\"elementor-container elementor-column-gap-default\">\n\t\t\t\t\t<div class=\"elementor-column elementor-col-100 elementor-top-column elementor-element elementor-element-c3bd35e\" data-id=\"c3bd35e\" data-element_type=\"column\" data-e-type=\"column\">\n\t\t\t<div class=\"elementor-widget-wrap elementor-element-populated\">\n\t\t\t\t\t\t<div class=\"elementor-element elementor-element-b2bb1a0 elementor-widget elementor-widget-heading\" data-id=\"b2bb1a0\" data-element_type=\"widget\" data-e-type=\"widget\" data-widget_type=\"heading.default\">\n\t\t\t\t\t<h1 class=\"elementor-heading-title elementor-size-default\">About<\/h1>\t\t\t\t<\/div>\n\t\t\t\t\t<\/div>\n\t\t<\/div>\n\t\t\t\t\t<\/div>\n\t\t<\/section>\n\t\t\t\t<section class=\"elementor-section elementor-top-section elementor-element elementor-element-8540132 elementor-section-content-middle elementor-section-boxed elementor-section-height-default elementor-section-height-default\" data-id=\"8540132\" data-element_type=\"section\" data-e-type=\"section\">\n\t\t\t\t\t\t<div class=\"elementor-container elementor-column-gap-default\">\n\t\t\t\t\t<div class=\"elementor-column elementor-col-50 elementor-top-column elementor-element elementor-element-a7e0c80\" data-id=\"a7e0c80\" data-element_type=\"column\" data-e-type=\"column\">\n\t\t\t<div class=\"elementor-widget-wrap elementor-element-populated\">\n\t\t\t\t\t\t<div class=\"elementor-element elementor-element-4d524cd elementor-widget elementor-widget-image\" data-id=\"4d524cd\" data-element_type=\"widget\" data-e-type=\"widget\" data-widget_type=\"image.default\">\n\t\t\t\t\t\t\t\t\t\t\t\t\t\t\t<img fetchpriority=\"high\" decoding=\"async\" width=\"683\" height=\"1024\" src=\"https:\/\/zta-management.com\/wp-content\/uploads\/2023\/06\/Zetha-Asafu-Adjaye_Puria-Safary-2022-683x1024.jpg\" class=\"attachment-large size-large wp-image-3703\" alt=\"\" srcset=\"https:\/\/zta-management.com\/wp-content\/uploads\/2023\/06\/Zetha-Asafu-Adjaye_Puria-Safary-2022-683x1024.jpg 683w, https:\/\/zta-management.com\/wp-content\/uploads\/2023\/06\/Zetha-Asafu-Adjaye_Puria-Safary-2022-200x300.jpg 200w, https:\/\/zta-management.com\/wp-content\/uploads\/2023\/06\/Zetha-Asafu-Adjaye_Puria-Safary-2022-768x1152.jpg 768w, https:\/\/zta-management.com\/wp-content\/uploads\/2023\/06\/Zetha-Asafu-Adjaye_Puria-Safary-2022-8x12.jpg 8w, https:\/\/zta-management.com\/wp-content\/uploads\/2023\/06\/Zetha-Asafu-Adjaye_Puria-Safary-2022.jpg 1000w\" sizes=\"(max-width: 683px) 100vw, 683px\" \/>\t\t\t\t\t\t\t\t\t\t\t\t\t\t\t<\/div>\n\t\t\t\t\t<\/div>\n\t\t<\/div>\n\t\t\t\t<div class=\"elementor-column elementor-col-50 elementor-top-column elementor-element elementor-element-e0d0741\" data-id=\"e0d0741\" data-element_type=\"column\" data-e-type=\"column\">\n\t\t\t<div class=\"elementor-widget-wrap elementor-element-populated\">\n\t\t\t\t\t\t<div class=\"elementor-element elementor-element-33ff2f3 elementor-widget elementor-widget-heading\" data-id=\"33ff2f3\" data-element_type=\"widget\" data-e-type=\"widget\" data-widget_type=\"heading.default\">\n\t\t\t\t\t<h2 class=\"elementor-heading-title elementor-size-default\">Zetha Asafu-Adjaye (she\/her)<\/h2>\t\t\t\t<\/div>\n\t\t\t\t<div class=\"elementor-element elementor-element-556b7f0 elementor-widget elementor-widget-text-editor\" data-id=\"556b7f0\" data-element_type=\"widget\" data-e-type=\"widget\" data-widget_type=\"text-editor.default\">\n\t\t\t\t\t\t\t\t\t<p>Frei nach dem Motto \u201cOhne Proben ganz nach oben\u201d erkannte ich sp\u00e4testens im barocken Kost\u00fcm in der Theater AG in Downtown Holzminden, dass zuk\u00fcnftig meine Rolle bzw. Berufung eher hinter als auf der B\u00fchne sein w\u00fcrde.\u00a0Nach diversen Berufserfahrungen im Schauspielmanagement, Filmverleih, im Casting- und im Pressebereich in Berlin und Rom erkannte ich, wen man als Schauspieler:in wirklich an seiner Seite braucht: eine empathische und organisierte Wegbegleiterin und -bereiterin. Jemanden, der an das Potenzial seiner Klient:innen und deren individuelle M\u00f6glichkeiten f\u00fcr ihr k\u00fcnstlerisches Schaffen glaubt, ihre Visionen erkennt und diese proaktiv und &#8222;wirbewusst&#8220; in die Realit\u00e4t umsetzt.\u00a0Bei ZTA sehen wir uns als Gestalter:innen und nicht als Verwalter:innen, als Agents of Change und Challenger.<\/p><p>Mein Team und ich sind diejenigen, die du zu Rate ziehst, wenn andere dir sagen \u201cDas geht nicht.\u201d oder \u201cDas wurde noch nie so gemacht.\u201d Gemeinsam entwickeln wir Strategien, \u00f6ffnen T\u00fcren und vergr\u00f6\u00dfern so den sprichw\u00f6rtlichen Rahmen der M\u00f6glichkeiten.<\/p><p>Jede:r K\u00fcnstler:in erh\u00e4lt dabei eine individuelle Beratung und pers\u00f6nliche Betreuung in den Bereichen Schauspiel, Image und Brand Building, sowie in der gezielten Pressearbeit.<\/p><p>&#8222;Don&#8217;t just network, be(at) the network.&#8220;, ist mein Credo. Nachhaltigen strukturellen Wandel zu bewirken, ist mein Antrieb.<\/p>\t\t\t\t\t\t\t\t<\/div>\n\t\t\t\t\t<\/div>\n\t\t<\/div>\n\t\t\t\t\t<\/div>\n\t\t<\/section>\n\t\t\t\t<section class=\"elementor-section elementor-top-section elementor-element elementor-element-749c063 elementor-section-content-middle elementor-section-boxed elementor-section-height-default elementor-section-height-default\" data-id=\"749c063\" data-element_type=\"section\" data-e-type=\"section\">\n\t\t\t\t\t\t<div class=\"elementor-container elementor-column-gap-default\">\n\t\t\t\t\t<div class=\"elementor-column elementor-col-50 elementor-top-column elementor-element elementor-element-d1b7225\" data-id=\"d1b7225\" data-element_type=\"column\" data-e-type=\"column\">\n\t\t\t<div class=\"elementor-widget-wrap elementor-element-populated\">\n\t\t\t\t\t\t<div class=\"elementor-element elementor-element-6f87439 elementor-widget elementor-widget-image\" data-id=\"6f87439\" data-element_type=\"widget\" data-e-type=\"widget\" data-widget_type=\"image.default\">\n\t\t\t\t\t\t\t\t\t\t\t\t\t\t\t<img decoding=\"async\" width=\"683\" height=\"1024\" src=\"https:\/\/zta-management.com\/wp-content\/uploads\/2022\/02\/elias-zta_1-683x1024.jpg\" class=\"attachment-large size-large wp-image-2662\" alt=\"\" srcset=\"https:\/\/zta-management.com\/wp-content\/uploads\/2022\/02\/elias-zta_1-683x1024.jpg 683w, https:\/\/zta-management.com\/wp-content\/uploads\/2022\/02\/elias-zta_1-200x300.jpg 200w, https:\/\/zta-management.com\/wp-content\/uploads\/2022\/02\/elias-zta_1-768x1152.jpg 768w, https:\/\/zta-management.com\/wp-content\/uploads\/2022\/02\/elias-zta_1-8x12.jpg 8w, https:\/\/zta-management.com\/wp-content\/uploads\/2022\/02\/elias-zta_1.jpg 1000w\" sizes=\"(max-width: 683px) 100vw, 683px\" \/>\t\t\t\t\t\t\t\t\t\t\t\t\t\t\t<\/div>\n\t\t\t\t\t<\/div>\n\t\t<\/div>\n\t\t\t\t<div class=\"elementor-column elementor-col-50 elementor-top-column elementor-element elementor-element-6faf7fa\" data-id=\"6faf7fa\" data-element_type=\"column\" data-e-type=\"column\">\n\t\t\t<div class=\"elementor-widget-wrap elementor-element-populated\">\n\t\t\t\t\t\t<div class=\"elementor-element elementor-element-c979699 elementor-widget elementor-widget-heading\" data-id=\"c979699\" data-element_type=\"widget\" data-e-type=\"widget\" data-widget_type=\"heading.default\">\n\t\t\t\t\t<h2 class=\"elementor-heading-title elementor-size-default\">Elias Asbai (he\/him)<\/h2>\t\t\t\t<\/div>\n\t\t\t\t<div class=\"elementor-element elementor-element-f59fe6a elementor-widget elementor-widget-text-editor\" data-id=\"f59fe6a\" data-element_type=\"widget\" data-e-type=\"widget\" data-widget_type=\"text-editor.default\">\n\t\t\t\t\t\t\t\t\t<p>Auch ich habe den Umweg \u00fcber die provinzielle Theaterb\u00fchne genommen, bevor ich bei ZTA landete. Seit 2021 unterst\u00fctze ich Zetha bei ihrer Mission, Talent Management an den modernen Zeitgeist heranzuf\u00fchren und neue Wege in der ganzheitlichen und wertegesteuerten Zusammenarbeit mit Schauspieler:innen zu erarbeiten. Die F\u00f6rderung von wahrer Diversit\u00e4t in der Film- und Medienbranche ist f\u00fcr mich dabei ein elementarer Bestandteil, denn noch zu oft sehe ich ein verf\u00e4lschtes und heteronormatives Abbild unserer Gesellschaft in Film und Fernsehen. Bei ZTA habe ich einen Ort gefunden, an dem ich die \u00dcberzeugung entwickeln konnte, in meinem Wirkungskreis einen Wandel bewirken zu k\u00f6nnen.<\/p>\t\t\t\t\t\t\t\t<\/div>\n\t\t\t\t\t<\/div>\n\t\t<\/div>\n\t\t\t\t\t<\/div>\n\t\t<\/section>\n\t\t\t\t<section class=\"elementor-section elementor-top-section elementor-element elementor-element-6e3b78e elementor-section-height-min-height elementor-section-boxed elementor-section-height-default elementor-section-items-middle\" data-id=\"6e3b78e\" data-element_type=\"section\" data-e-type=\"section\" data-settings=\"{&quot;background_background&quot;:&quot;classic&quot;}\">\n\t\t\t\t\t\t<div class=\"elementor-container elementor-column-gap-default\">\n\t\t\t\t\t<div class=\"elementor-column elementor-col-100 elementor-top-column elementor-element elementor-element-57a6c82\" data-id=\"57a6c82\" data-element_type=\"column\" data-e-type=\"column\">\n\t\t\t<div class=\"elementor-widget-wrap elementor-element-populated\">\n\t\t\t\t\t\t<div class=\"elementor-element elementor-element-561652d elementor-align-center elementor-widget elementor-widget-button\" data-id=\"561652d\" data-element_type=\"widget\" data-e-type=\"widget\" data-widget_type=\"button.default\">\n\t\t\t\t\t\t\t\t\t\t<a class=\"elementor-button elementor-button-link elementor-size-sm\" href=\"https:\/\/zta-management.com\/en\/contact\/\">\n\t\t\t\t\t\t<span class=\"elementor-button-content-wrapper\">\n\t\t\t\t\t\t<span class=\"elementor-button-icon\">\n\t\t\t\t<i aria-hidden=\"true\" class=\"far fa-paper-plane\"><\/i>\t\t\t<\/span>\n\t\t\t\t\t\t\t\t\t<span class=\"elementor-button-text\">Get in Touch<\/span>\n\t\t\t\t\t<\/span>\n\t\t\t\t\t<\/a>\n\t\t\t\t\t\t\t\t<\/div>\n\t\t\t\t\t<\/div>\n\t\t<\/div>\n\t\t\t\t\t<\/div>\n\t\t<\/section>\n\t\t\t\t<\/div>","protected":false},"excerpt":{"rendered":"<p>Zetha Asafu-Adjaye (she\/her) Frei nach dem Motto \u201cOhne Proben ganz nach oben\u201d erkannte ich sp\u00e4testens im barocken Kost\u00fcm in der Theater AG in Downtown Holzminden, dass zuk\u00fcnftig meine Rolle bzw. Berufung eher hinter als auf der B\u00fchne sein w\u00fcrde.\u00a0Nach diversen Berufserfahrungen im Schauspielmanagement, Filmverleih, im Casting- und im Pressebereich in Berlin und Rom erkannte ich, [&hellip;]<\/p>\n","protected":false},"author":1,"featured_media":0,"parent":0,"menu_order":0,"comment_status":"closed","ping_status":"closed","template":"elementor_header_footer","meta":{"inline_featured_image":false,"footnotes":""},"class_list":["post-13","page","type-page","status-publish","hentry"],"yoast_head":"<!-- This site is optimized with the Yoast SEO plugin v27.0 - https:\/\/yoast.com\/product\/yoast-seo-wordpress\/ -->\n<title>About - ZTA Management<\/title>\n<meta name=\"robots\" content=\"index, follow, max-snippet:-1, max-image-preview:large, max-video-preview:-1\" \/>\n<link rel=\"canonical\" href=\"https:\/\/zta-management.com\/en\/about\/\" \/>\n<meta property=\"og:locale\" content=\"en_US\" \/>\n<meta property=\"og:type\" content=\"article\" \/>\n<meta property=\"og:title\" content=\"About - ZTA Management\" \/>\n<meta property=\"og:description\" content=\"Zetha Asafu-Adjaye (she\/her) Frei nach dem Motto \u201cOhne Proben ganz nach oben\u201d erkannte ich sp\u00e4testens im barocken Kost\u00fcm in der Theater AG in Downtown Holzminden, dass zuk\u00fcnftig meine Rolle bzw. Berufung eher hinter als auf der B\u00fchne sein w\u00fcrde.\u00a0Nach diversen Berufserfahrungen im Schauspielmanagement, Filmverleih, im Casting- und im Pressebereich in Berlin und Rom erkannte ich, [&hellip;]\" \/>\n<meta property=\"og:url\" content=\"https:\/\/zta-management.com\/en\/about\/\" \/>\n<meta property=\"og:site_name\" content=\"ZTA Management\" \/>\n<meta property=\"article:modified_time\" content=\"2024-07-01T07:45:21+00:00\" \/>\n<meta property=\"og:image\" content=\"https:\/\/zta-management.com\/wp-content\/uploads\/2023\/06\/Zetha-Asafu-Adjaye_Puria-Safary-2022.jpg\" \/>\n\t<meta property=\"og:image:width\" content=\"1000\" \/>\n\t<meta property=\"og:image:height\" content=\"1500\" \/>\n\t<meta property=\"og:image:type\" content=\"image\/jpeg\" \/>\n<meta name=\"twitter:card\" content=\"summary_large_image\" \/>\n<meta name=\"twitter:label1\" content=\"Est. reading time\" \/>\n\t<meta name=\"twitter:data1\" content=\"2 minutes\" \/>\n<script type=\"application\/ld+json\" class=\"yoast-schema-graph\">{\"@context\":\"https:\/\/schema.org\",\"@graph\":[{\"@type\":\"WebPage\",\"@id\":\"https:\/\/zta-management.com\/about\/\",\"url\":\"https:\/\/zta-management.com\/about\/\",\"name\":\"About - ZTA Management\",\"isPartOf\":{\"@id\":\"https:\/\/zta-management.com\/en\/#website\"},\"primaryImageOfPage\":{\"@id\":\"https:\/\/zta-management.com\/about\/#primaryimage\"},\"image\":{\"@id\":\"https:\/\/zta-management.com\/about\/#primaryimage\"},\"thumbnailUrl\":\"https:\/\/zta-management.com\/wp-content\/uploads\/2023\/06\/Zetha-Asafu-Adjaye_Puria-Safary-2022-683x1024.jpg\",\"datePublished\":\"2021-01-25T21:24:47+00:00\",\"dateModified\":\"2024-07-01T07:45:21+00:00\",\"breadcrumb\":{\"@id\":\"https:\/\/zta-management.com\/about\/#breadcrumb\"},\"inLanguage\":\"en-US\",\"potentialAction\":[{\"@type\":\"ReadAction\",\"target\":[\"https:\/\/zta-management.com\/about\/\"]}]},{\"@type\":\"ImageObject\",\"inLanguage\":\"en-US\",\"@id\":\"https:\/\/zta-management.com\/about\/#primaryimage\",\"url\":\"https:\/\/zta-management.com\/wp-content\/uploads\/2023\/06\/Zetha-Asafu-Adjaye_Puria-Safary-2022-683x1024.jpg\",\"contentUrl\":\"https:\/\/zta-management.com\/wp-content\/uploads\/2023\/06\/Zetha-Asafu-Adjaye_Puria-Safary-2022-683x1024.jpg\"},{\"@type\":\"BreadcrumbList\",\"@id\":\"https:\/\/zta-management.com\/about\/#breadcrumb\",\"itemListElement\":[{\"@type\":\"ListItem\",\"position\":1,\"name\":\"Startseite\",\"item\":\"https:\/\/zta-management.com\/\"},{\"@type\":\"ListItem\",\"position\":2,\"name\":\"About\"}]},{\"@type\":\"WebSite\",\"@id\":\"https:\/\/zta-management.com\/en\/#website\",\"url\":\"https:\/\/zta-management.com\/en\/\",\"name\":\"ZTA Management\",\"description\":\"K\u00fcnstler:innen Management\",\"publisher\":{\"@id\":\"https:\/\/zta-management.com\/en\/#organization\"},\"potentialAction\":[{\"@type\":\"SearchAction\",\"target\":{\"@type\":\"EntryPoint\",\"urlTemplate\":\"https:\/\/zta-management.com\/en\/?s={search_term_string}\"},\"query-input\":{\"@type\":\"PropertyValueSpecification\",\"valueRequired\":true,\"valueName\":\"search_term_string\"}}],\"inLanguage\":\"en-US\"},{\"@type\":\"Organization\",\"@id\":\"https:\/\/zta-management.com\/en\/#organization\",\"name\":\"ZTA Management\",\"url\":\"https:\/\/zta-management.com\/en\/\",\"logo\":{\"@type\":\"ImageObject\",\"inLanguage\":\"en-US\",\"@id\":\"https:\/\/zta-management.com\/en\/#\/schema\/logo\/image\/\",\"url\":\"https:\/\/zta-management.com\/wp-content\/uploads\/2025\/06\/ZTA-Logo-blau-rosa.png\",\"contentUrl\":\"https:\/\/zta-management.com\/wp-content\/uploads\/2025\/06\/ZTA-Logo-blau-rosa.png\",\"width\":1200,\"height\":1200,\"caption\":\"ZTA Management\"},\"image\":{\"@id\":\"https:\/\/zta-management.com\/en\/#\/schema\/logo\/image\/\"},\"sameAs\":[\"https:\/\/www.instagram.com\/ztamanagement\/\",\"https:\/\/www.linkedin.com\/in\/zetha-asafu-adjaye-b539b1126\/\"]}]}<\/script>\n<!-- \/ Yoast SEO plugin. -->","yoast_head_json":{"title":"About - ZTA Management","robots":{"index":"index","follow":"follow","max-snippet":"max-snippet:-1","max-image-preview":"max-image-preview:large","max-video-preview":"max-video-preview:-1"},"canonical":"https:\/\/zta-management.com\/en\/about\/","og_locale":"en_US","og_type":"article","og_title":"About - ZTA Management","og_description":"Zetha Asafu-Adjaye (she\/her) Frei nach dem Motto \u201cOhne Proben ganz nach oben\u201d erkannte ich sp\u00e4testens im barocken Kost\u00fcm in der Theater AG in Downtown Holzminden, dass zuk\u00fcnftig meine Rolle bzw. Berufung eher hinter als auf der B\u00fchne sein w\u00fcrde.\u00a0Nach diversen Berufserfahrungen im Schauspielmanagement, Filmverleih, im Casting- und im Pressebereich in Berlin und Rom erkannte ich, [&hellip;]","og_url":"https:\/\/zta-management.com\/en\/about\/","og_site_name":"ZTA Management","article_modified_time":"2024-07-01T07:45:21+00:00","og_image":[{"width":1000,"height":1500,"url":"https:\/\/zta-management.com\/wp-content\/uploads\/2023\/06\/Zetha-Asafu-Adjaye_Puria-Safary-2022.jpg","type":"image\/jpeg"}],"twitter_card":"summary_large_image","twitter_misc":{"Est. reading time":"2 minutes"},"schema":{"@context":"https:\/\/schema.org","@graph":[{"@type":"WebPage","@id":"https:\/\/zta-management.com\/about\/","url":"https:\/\/zta-management.com\/about\/","name":"About - ZTA Management","isPartOf":{"@id":"https:\/\/zta-management.com\/en\/#website"},"primaryImageOfPage":{"@id":"https:\/\/zta-management.com\/about\/#primaryimage"},"image":{"@id":"https:\/\/zta-management.com\/about\/#primaryimage"},"thumbnailUrl":"https:\/\/zta-management.com\/wp-content\/uploads\/2023\/06\/Zetha-Asafu-Adjaye_Puria-Safary-2022-683x1024.jpg","datePublished":"2021-01-25T21:24:47+00:00","dateModified":"2024-07-01T07:45:21+00:00","breadcrumb":{"@id":"https:\/\/zta-management.com\/about\/#breadcrumb"},"inLanguage":"en-US","potentialAction":[{"@type":"ReadAction","target":["https:\/\/zta-management.com\/about\/"]}]},{"@type":"ImageObject","inLanguage":"en-US","@id":"https:\/\/zta-management.com\/about\/#primaryimage","url":"https:\/\/zta-management.com\/wp-content\/uploads\/2023\/06\/Zetha-Asafu-Adjaye_Puria-Safary-2022-683x1024.jpg","contentUrl":"https:\/\/zta-management.com\/wp-content\/uploads\/2023\/06\/Zetha-Asafu-Adjaye_Puria-Safary-2022-683x1024.jpg"},{"@type":"BreadcrumbList","@id":"https:\/\/zta-management.com\/about\/#breadcrumb","itemListElement":[{"@type":"ListItem","position":1,"name":"Startseite","item":"https:\/\/zta-management.com\/"},{"@type":"ListItem","position":2,"name":"About"}]},{"@type":"WebSite","@id":"https:\/\/zta-management.com\/en\/#website","url":"https:\/\/zta-management.com\/en\/","name":"ZTA Management","description":"K\u00fcnstler:innen Management","publisher":{"@id":"https:\/\/zta-management.com\/en\/#organization"},"potentialAction":[{"@type":"SearchAction","target":{"@type":"EntryPoint","urlTemplate":"https:\/\/zta-management.com\/en\/?s={search_term_string}"},"query-input":{"@type":"PropertyValueSpecification","valueRequired":true,"valueName":"search_term_string"}}],"inLanguage":"en-US"},{"@type":"Organization","@id":"https:\/\/zta-management.com\/en\/#organization","name":"ZTA Management","url":"https:\/\/zta-management.com\/en\/","logo":{"@type":"ImageObject","inLanguage":"en-US","@id":"https:\/\/zta-management.com\/en\/#\/schema\/logo\/image\/","url":"https:\/\/zta-management.com\/wp-content\/uploads\/2025\/06\/ZTA-Logo-blau-rosa.png","contentUrl":"https:\/\/zta-management.com\/wp-content\/uploads\/2025\/06\/ZTA-Logo-blau-rosa.png","width":1200,"height":1200,"caption":"ZTA Management"},"image":{"@id":"https:\/\/zta-management.com\/en\/#\/schema\/logo\/image\/"},"sameAs":["https:\/\/www.instagram.com\/ztamanagement\/","https:\/\/www.linkedin.com\/in\/zetha-asafu-adjaye-b539b1126\/"]}]}},"_links":{"self":[{"href":"https:\/\/zta-management.com\/en\/wp-json\/wp\/v2\/pages\/13","targetHints":{"allow":["GET"]}}],"collection":[{"href":"https:\/\/zta-management.com\/en\/wp-json\/wp\/v2\/pages"}],"about":[{"href":"https:\/\/zta-management.com\/en\/wp-json\/wp\/v2\/types\/page"}],"author":[{"embeddable":true,"href":"https:\/\/zta-management.com\/en\/wp-json\/wp\/v2\/users\/1"}],"replies":[{"embeddable":true,"href":"https:\/\/zta-management.com\/en\/wp-json\/wp\/v2\/comments?post=13"}],"version-history":[{"count":7,"href":"https:\/\/zta-management.com\/en\/wp-json\/wp\/v2\/pages\/13\/revisions"}],"predecessor-version":[{"id":5266,"href":"https:\/\/zta-management.com\/en\/wp-json\/wp\/v2\/pages\/13\/revisions\/5266"}],"wp:attachment":[{"href":"https:\/\/zta-management.com\/en\/wp-json\/wp\/v2\/media?parent=13"}],"curies":[{"name":"wp","href":"https:\/\/api.w.org\/{rel}","templated":true}]}}