{"id":7499,"date":"2026-03-02T14:52:54","date_gmt":"2026-03-02T13:52:54","guid":{"rendered":"https:\/\/zta-management.com\/?page_id=7499"},"modified":"2026-03-05T08:26:15","modified_gmt":"2026-03-05T07:26:15","slug":"maike-backhaus","status":"publish","type":"page","link":"https:\/\/zta-management.com\/en\/directors-writers\/maike-backhaus\/","title":{"rendered":"Maike Backhaus"},"content":{"rendered":"<div data-elementor-type=\"wp-page\" data-elementor-id=\"7499\" class=\"elementor elementor-7499\" data-elementor-post-type=\"page\">\n\t\t\t\t\t\t<section class=\"elementor-section elementor-top-section elementor-element elementor-element-b568637 elementor-section-height-min-height elementor-section-boxed elementor-section-height-default elementor-section-items-middle\" data-id=\"b568637\" data-element_type=\"section\" data-e-type=\"section\">\n\t\t\t\t\t\t<div class=\"elementor-container elementor-column-gap-default\">\n\t\t\t\t\t<div class=\"elementor-column elementor-col-100 elementor-top-column elementor-element elementor-element-35ba3f1\" data-id=\"35ba3f1\" data-element_type=\"column\" data-e-type=\"column\">\n\t\t\t<div class=\"elementor-widget-wrap elementor-element-populated\">\n\t\t\t\t\t\t<div class=\"elementor-element elementor-element-a74f664 elementor-widget elementor-widget-heading\" data-id=\"a74f664\" data-element_type=\"widget\" data-e-type=\"widget\" data-widget_type=\"heading.default\">\n\t\t\t\t\t<h1 class=\"elementor-heading-title elementor-size-default\">Maike Backhaus<\/h1>\t\t\t\t<\/div>\n\t\t\t\t<div class=\"elementor-element elementor-element-87735e2 elementor-widget elementor-widget-heading\" data-id=\"87735e2\" data-element_type=\"widget\" data-e-type=\"widget\" data-widget_type=\"heading.default\">\n\t\t\t\t\t<h4 class=\"elementor-heading-title elementor-size-default\">Screenwriter &amp; Investigative Journalist<\/h4>\t\t\t\t<\/div>\n\t\t\t\t\t<\/div>\n\t\t<\/div>\n\t\t\t\t\t<\/div>\n\t\t<\/section>\n\t\t\t\t<section class=\"elementor-section elementor-top-section elementor-element elementor-element-6013ecdc elementor-section-height-min-height elementor-section-boxed elementor-section-height-default elementor-section-items-middle\" data-id=\"6013ecdc\" data-element_type=\"section\" data-e-type=\"section\" data-settings=\"{&quot;background_background&quot;:&quot;classic&quot;}\">\n\t\t\t\t\t\t<div class=\"elementor-container elementor-column-gap-default\">\n\t\t\t\t\t<div class=\"elementor-column elementor-col-100 elementor-top-column elementor-element elementor-element-2608e1dc\" data-id=\"2608e1dc\" data-element_type=\"column\" data-e-type=\"column\">\n\t\t\t<div class=\"elementor-widget-wrap\">\n\t\t\t\t\t\t\t<\/div>\n\t\t<\/div>\n\t\t\t\t\t<\/div>\n\t\t<\/section>\n\t\t\t\t<section class=\"elementor-section elementor-top-section elementor-element elementor-element-b10521e elementor-section-full_width elementor-section-height-default elementor-section-height-default\" data-id=\"b10521e\" data-element_type=\"section\" data-e-type=\"section\">\n\t\t\t\t\t\t<div class=\"elementor-container elementor-column-gap-default\">\n\t\t\t\t\t<div class=\"elementor-column elementor-col-100 elementor-top-column elementor-element elementor-element-dac4262\" data-id=\"dac4262\" data-element_type=\"column\" data-e-type=\"column\">\n\t\t\t<div class=\"elementor-widget-wrap elementor-element-populated\">\n\t\t\t\t\t\t<div class=\"elementor-element elementor-element-5e0ab86 elementor-align-end elementor-icon-list--layout-traditional elementor-list-item-link-full_width elementor-widget elementor-widget-icon-list\" data-id=\"5e0ab86\" data-element_type=\"widget\" data-e-type=\"widget\" data-widget_type=\"icon-list.default\">\n\t\t\t\t\t\t\t<ul class=\"elementor-icon-list-items\">\n\t\t\t\t\t\t\t<li class=\"elementor-icon-list-item\">\n\t\t\t\t\t\t\t\t\t\t\t<span class=\"elementor-icon-list-icon\">\n\t\t\t\t\t\t\t<i aria-hidden=\"true\" class=\"far fa-copyright\"><\/i>\t\t\t\t\t\t<\/span>\n\t\t\t\t\t\t\t\t\t\t<span class=\"elementor-icon-list-text\">Gene Glover<\/span>\n\t\t\t\t\t\t\t\t\t<\/li>\n\t\t\t\t\t\t<\/ul>\n\t\t\t\t\t\t<\/div>\n\t\t\t\t\t<\/div>\n\t\t<\/div>\n\t\t\t\t\t<\/div>\n\t\t<\/section>\n\t\t\t\t<section class=\"elementor-section elementor-top-section elementor-element elementor-element-349274dd elementor-section-boxed elementor-section-height-default elementor-section-height-default\" data-id=\"349274dd\" data-element_type=\"section\" data-e-type=\"section\">\n\t\t\t\t\t\t<div class=\"elementor-container elementor-column-gap-default\">\n\t\t\t\t\t<div class=\"elementor-column elementor-col-100 elementor-top-column elementor-element elementor-element-10c924bc\" data-id=\"10c924bc\" data-element_type=\"column\" data-e-type=\"column\">\n\t\t\t<div class=\"elementor-widget-wrap elementor-element-populated\">\n\t\t\t\t\t\t<div class=\"elementor-element elementor-element-1dd4d832 elementor-view-default elementor-widget elementor-widget-icon\" data-id=\"1dd4d832\" data-element_type=\"widget\" data-e-type=\"widget\" data-widget_type=\"icon.default\">\n\t\t\t\t\t\t\t<div class=\"elementor-icon-wrapper\">\n\t\t\t<div class=\"elementor-icon\">\n\t\t\t<i aria-hidden=\"true\" class=\"fas fa-quote-left\"><\/i>\t\t\t<\/div>\n\t\t<\/div>\n\t\t\t\t\t\t<\/div>\n\t\t\t\t<div class=\"elementor-element elementor-element-2c9f82cd elementor-widget elementor-widget-heading\" data-id=\"2c9f82cd\" data-element_type=\"widget\" data-e-type=\"widget\" data-widget_type=\"heading.default\">\n\t\t\t\t\t<span class=\"elementor-heading-title elementor-size-default\">In my work, I deal with moments when reality falls apart\u2014with the cracks between what is said and what actually happens. For me, investigative journalism means revealing power relations and the architecture behind events: I collect, sort, and verify information. But journalism has its limits. Not every truth can be fully researched or proven. Some realities need a different space. Fiction can be such a space\u2014a place where contradictions are not only described but can be experienced.<\/span>\t\t\t\t<\/div>\n\t\t\t\t<div class=\"elementor-element elementor-element-7e68d18 elementor-view-default elementor-widget elementor-widget-icon\" data-id=\"7e68d18\" data-element_type=\"widget\" data-e-type=\"widget\" data-widget_type=\"icon.default\">\n\t\t\t\t\t\t\t<div class=\"elementor-icon-wrapper\">\n\t\t\t<div class=\"elementor-icon\">\n\t\t\t<i aria-hidden=\"true\" class=\"fas fa-quote-right\"><\/i>\t\t\t<\/div>\n\t\t<\/div>\n\t\t\t\t\t\t<\/div>\n\t\t\t\t<div class=\"elementor-element elementor-element-44ac4272 elementor-shape-circle e-grid-align-left elementor-grid-0 elementor-widget elementor-widget-social-icons\" data-id=\"44ac4272\" data-element_type=\"widget\" data-e-type=\"widget\" data-widget_type=\"social-icons.default\">\n\t\t\t\t\t\t\t<div class=\"elementor-social-icons-wrapper elementor-grid\" role=\"list\">\n\t\t\t\t\t\t\t<span class=\"elementor-grid-item\" role=\"listitem\">\n\t\t\t\t\t<a class=\"elementor-icon elementor-social-icon elementor-social-icon-film elementor-repeater-item-319ae8e\" href=\"https:\/\/www.crew-united.com\/de\/Maike-Backhaus_271605.html\" target=\"_blank\" rel=\"noopener\">\n\t\t\t\t\t\t<span class=\"elementor-screen-only\">Film<\/span>\n\t\t\t\t\t\t<i aria-hidden=\"true\" class=\"fas fa-film\"><\/i>\t\t\t\t\t<\/a>\n\t\t\t\t<\/span>\n\t\t\t\t\t\t\t<span class=\"elementor-grid-item\" role=\"listitem\">\n\t\t\t\t\t<a class=\"elementor-icon elementor-social-icon elementor-social-icon-linkedin elementor-repeater-item-dd827b9\" href=\"https:\/\/www.linkedin.com\/in\/maike-backhaus-93a873160\/?lipi=urn%3Ali%3Apage%3Ad_flagship3_search_srp_all%3Bu5EIEREISfeSaS2f6O0wyg%3D%3D\" target=\"_blank\" rel=\"noopener\">\n\t\t\t\t\t\t<span class=\"elementor-screen-only\">Linkedin<\/span>\n\t\t\t\t\t\t<i aria-hidden=\"true\" class=\"fab fa-linkedin\"><\/i>\t\t\t\t\t<\/a>\n\t\t\t\t<\/span>\n\t\t\t\t\t\t\t<span class=\"elementor-grid-item\" role=\"listitem\">\n\t\t\t\t\t<a class=\"elementor-icon elementor-social-icon elementor-social-icon-instagram elementor-repeater-item-ea5eec9\" href=\"https:\/\/www.instagram.com\/maike.backhaus\/?hl=de\" target=\"_blank\" rel=\"noopener\">\n\t\t\t\t\t\t<span class=\"elementor-screen-only\">Instagram<\/span>\n\t\t\t\t\t\t<i aria-hidden=\"true\" class=\"fab fa-instagram\"><\/i>\t\t\t\t\t<\/a>\n\t\t\t\t<\/span>\n\t\t\t\t\t<\/div>\n\t\t\t\t\t\t<\/div>\n\t\t\t\t\t<\/div>\n\t\t<\/div>\n\t\t\t\t\t<\/div>\n\t\t<\/section>\n\t\t\t\t<section class=\"elementor-section elementor-top-section elementor-element elementor-element-a0c6c20 elementor-section-full_width elementor-section-height-default elementor-section-height-default\" data-id=\"a0c6c20\" data-element_type=\"section\" data-e-type=\"section\">\n\t\t\t\t\t\t<div class=\"elementor-container elementor-column-gap-default\">\n\t\t\t\t\t<div class=\"elementor-column elementor-col-100 elementor-top-column elementor-element elementor-element-5436d89\" data-id=\"5436d89\" data-element_type=\"column\" data-e-type=\"column\">\n\t\t\t<div class=\"elementor-widget-wrap elementor-element-populated\">\n\t\t\t\t\t\t<div class=\"elementor-element elementor-element-8734379 elementor-widget elementor-widget-video\" data-id=\"8734379\" data-element_type=\"widget\" data-e-type=\"widget\" data-settings=\"{&quot;youtube_url&quot;:&quot;https:\\\/\\\/www.youtube.com\\\/watch?v=4n4yPGBbWbM&quot;,&quot;video_type&quot;:&quot;youtube&quot;,&quot;controls&quot;:&quot;yes&quot;}\" data-widget_type=\"video.default\">\n\t\t\t\t\t\t\t<div class=\"elementor-wrapper elementor-open-inline\">\n\t\t\t<div class=\"elementor-video\"><\/div>\t\t<\/div>\n\t\t\t\t\t\t<\/div>\n\t\t\t\t\t<\/div>\n\t\t<\/div>\n\t\t\t\t\t<\/div>\n\t\t<\/section>\n\t\t\t\t<section class=\"elementor-section elementor-top-section elementor-element elementor-element-60ffea80 elementor-section-boxed elementor-section-height-default elementor-section-height-default\" data-id=\"60ffea80\" data-element_type=\"section\" data-e-type=\"section\">\n\t\t\t\t\t\t<div class=\"elementor-container elementor-column-gap-default\">\n\t\t\t\t\t<div class=\"elementor-column elementor-col-50 elementor-top-column elementor-element elementor-element-2e46586e\" data-id=\"2e46586e\" data-element_type=\"column\" data-e-type=\"column\">\n\t\t\t<div class=\"elementor-widget-wrap elementor-element-populated\">\n\t\t\t\t\t\t<div class=\"elementor-element elementor-element-4b9d32c4 elementor-widget elementor-widget-heading\" data-id=\"4b9d32c4\" data-element_type=\"widget\" data-e-type=\"widget\" data-widget_type=\"heading.default\">\n\t\t\t\t\t<h2 class=\"elementor-heading-title elementor-size-default\">About<\/h2>\t\t\t\t<\/div>\n\t\t\t\t<div class=\"elementor-element elementor-element-76aa710f elementor-widget elementor-widget-text-editor\" data-id=\"76aa710f\" data-element_type=\"widget\" data-e-type=\"widget\" data-widget_type=\"text-editor.default\">\n\t\t\t\t\t\t\t\t\t<p>MAIKE BACKHAUS (she\/her), born in K\u00f6nigswinter in 1990, is an investigative journalist and author. She studied directing and screenwriting at the Academy of Media Arts in Cologne and then completed an internship in business journalism. Since then, she has been combining journalistic research with dramaturgical development.<\/p><div>Her journalistic work focuses on systemic abuse of power\u2014for example, in the film industry, professional sports, and the music industry\u2014as well as topics such as structural violence and migration. She publishes for DER SPIEGEL, S\u00fcddeutsche Zeitung, Welt am Sonntag, CORRECTIV, and STERN, among others; her research has been picked up internationally by media outlets such as The Guardian and The New York Times.<br \/><br \/><\/div><div>For DER SPIEGEL, she developed the investigative podcast \"NDA: The Kasia Lenhardt File,\" for which she led the research and was the author. With over three million listeners, the podcast became one of the most successful storytelling podcasts in Germany. The research sparked widespread social debate and prompted the public prosecutor's office to launch new investigations. Maike Backhaus was named \"Journalist of the Year\" in 2023 and 2024 for her work. <br \/><br \/>The jury stated: \"With her investigation into conditions on Til Schweiger's film set, Maike Backhaus has raised an issue that could change the industry. Her coverage of the Rammstein case and her involvement in reconstructing the refugee drama in Pylos also demonstrate the breadth of her investigative skills \u2013 and the accuracy of her investigative instincts.\"<\/div><div>Dar\u00fcber hinaus war sie f\u00fcr drei verschiedene Recherchen f\u00fcr den Reporterpreis nominiert und stand zweimal auf der Shortlist f\u00fcr den Stern-Preis sowie f\u00fcr den Impact Award. Ihre letzte Recherche \u201eChillt mal, hier wurde niemand vergewaltigt\u201c wurde im Erscheinungsjahr zur erfolgreichsten investigativen Geschichte des Stern.<br \/><br \/><\/div><div>In addition to her journalistic work, Maike Backhaus develops podcasts, documentary formats, and fictional film and series projects. <br \/><br \/>She made her debut as a co-writer in fiction with the ZDF series adaptation \"Zwei vern\u00fcnftige Erwachsene, die sich mal nackt gesehen haben\" (Two Sensible Adults Who Have Seen Each Other Naked), alongside showrunner and writer Anika Decker and directed by Sebastian Schipper. In 2026, the series received \u20ac800,000 in funding from the Medienboard Berlin-Brandenburg, the highest amount awarded that year.<br \/><br \/><\/div><div>After working for ZDF in Los Angeles for a year and a half, she now lives and works in Berlin.<\/div>\t\t\t\t\t\t\t\t<\/div>\n\t\t\t\t\t<\/div>\n\t\t<\/div>\n\t\t\t\t<div class=\"elementor-column elementor-col-50 elementor-top-column elementor-element elementor-element-31ede49b\" data-id=\"31ede49b\" data-element_type=\"column\" data-e-type=\"column\">\n\t\t\t<div class=\"elementor-widget-wrap elementor-element-populated\">\n\t\t\t\t\t\t<section class=\"elementor-section elementor-inner-section elementor-element elementor-element-782c0eab elementor-section-boxed elementor-section-height-default elementor-section-height-default\" data-id=\"782c0eab\" data-element_type=\"section\" data-e-type=\"section\" data-settings=\"{&quot;background_background&quot;:&quot;classic&quot;}\">\n\t\t\t\t\t\t<div class=\"elementor-container elementor-column-gap-default\">\n\t\t\t\t\t<div class=\"elementor-column elementor-col-100 elementor-inner-column elementor-element elementor-element-66d47ed3\" data-id=\"66d47ed3\" data-element_type=\"column\" data-e-type=\"column\">\n\t\t\t<div class=\"elementor-widget-wrap elementor-element-populated\">\n\t\t\t\t\t\t<div class=\"elementor-element elementor-element-4d200009 elementor-widget elementor-widget-heading\" data-id=\"4d200009\" data-element_type=\"widget\" data-e-type=\"widget\" data-widget_type=\"heading.default\">\n\t\t\t\t\t<h4 class=\"elementor-heading-title elementor-size-default\">Highlight Projects<\/h4>\t\t\t\t<\/div>\n\t\t\t\t<div class=\"elementor-element elementor-element-45cf9a51 elementor-icon-list--layout-traditional elementor-list-item-link-full_width elementor-widget elementor-widget-icon-list\" data-id=\"45cf9a51\" data-element_type=\"widget\" data-e-type=\"widget\" data-widget_type=\"icon-list.default\">\n\t\t\t\t\t\t\t<ul class=\"elementor-icon-list-items\">\n\t\t\t\t\t\t\t<li class=\"elementor-icon-list-item\">\n\t\t\t\t\t\t\t\t\t\t\t<a href=\"https:\/\/www.medienboard.de\/presse-events\/pressemitteilungen-und-publikationen\/mitteilung\/News\/mbb-foerdert-20-neue-projekte-mit-58-mio-euro\" target=\"_blank\" rel=\"noopener\">\n\n\t\t\t\t\t\t\t\t\t\t\t\t<span class=\"elementor-icon-list-icon\">\n\t\t\t\t\t\t\t<i aria-hidden=\"true\" class=\"lineal lineal-arrow-right\"><\/i>\t\t\t\t\t\t<\/span>\n\t\t\t\t\t\t\t\t\t\t<span class=\"elementor-icon-list-text\">Zwei vern\u00fcnftige Erwachsene, die sich mal nackt gesehen haben - ZDF-Serienadaption<\/span>\n\t\t\t\t\t\t\t\t\t\t\t<\/a>\n\t\t\t\t\t\t\t\t\t<\/li>\n\t\t\t\t\t\t\t\t<li class=\"elementor-icon-list-item\">\n\t\t\t\t\t\t\t\t\t\t\t<a href=\"https:\/\/www.spiegel.de\/thema\/nda-die-akte-kasia-lenhardt\/\" target=\"_blank\" rel=\"noopener\">\n\n\t\t\t\t\t\t\t\t\t\t\t\t<span class=\"elementor-icon-list-icon\">\n\t\t\t\t\t\t\t<i aria-hidden=\"true\" class=\"lineal lineal-arrow-right\"><\/i>\t\t\t\t\t\t<\/span>\n\t\t\t\t\t\t\t\t\t\t<span class=\"elementor-icon-list-text\">NDA: Die Akte Kasia Lenhardt - Podcast<\/span>\n\t\t\t\t\t\t\t\t\t\t\t<\/a>\n\t\t\t\t\t\t\t\t\t<\/li>\n\t\t\t\t\t\t<\/ul>\n\t\t\t\t\t\t<\/div>\n\t\t\t\t<div class=\"elementor-element elementor-element-65541273 elementor-widget elementor-widget-button\" data-id=\"65541273\" data-element_type=\"widget\" data-e-type=\"widget\" data-widget_type=\"button.default\">\n\t\t\t\t\t\t\t\t\t\t<a class=\"elementor-button elementor-button-link elementor-size-sm\" href=\"https:\/\/zta-management.com\/wp-content\/uploads\/2026\/03\/ZTA_CV_Maike-Backhaus.pdf\">\n\t\t\t\t\t\t<span class=\"elementor-button-content-wrapper\">\n\t\t\t\t\t\t<span class=\"elementor-button-icon\">\n\t\t\t\t<i aria-hidden=\"true\" class=\"fas fa-file-download\"><\/i>\t\t\t<\/span>\n\t\t\t\t\t\t\t\t\t<span class=\"elementor-button-text\">Download CV<\/span>\n\t\t\t\t\t<\/span>\n\t\t\t\t\t<\/a>\n\t\t\t\t\t\t\t\t<\/div>\n\t\t\t\t\t<\/div>\n\t\t<\/div>\n\t\t\t\t\t<\/div>\n\t\t<\/section>\n\t\t\t\t\t<\/div>\n\t\t<\/div>\n\t\t\t\t\t<\/div>\n\t\t<\/section>\n\t\t\t\t<\/div>","protected":false},"excerpt":{"rendered":"<p>Maike Backhaus Screenwriter &amp; Investigative Journalist Gene Glover In meiner Arbeit besch\u00e4ftige ich mich mit den Momenten, in denen Wirklichkeit auseinanderf\u00e4llt \u2013 mit den Rissen zwischen dem, was gesagt wird, und dem, was tats\u00e4chlich geschieht. Investigativer Journalismus bedeutet f\u00fcr mich, Machtverh\u00e4ltnisse und die Architektur hinter Ereignissen sichtbar zu machen: Ich sammle, sortiere und \u00fcberpr\u00fcfe. Doch [&hellip;]<\/p>\n","protected":false},"author":3,"featured_media":0,"parent":4957,"menu_order":0,"comment_status":"closed","ping_status":"closed","template":"elementor_header_footer","meta":{"inline_featured_image":false,"footnotes":""},"class_list":["post-7499","page","type-page","status-publish","hentry"],"yoast_head":"<!-- This site is optimized with the Yoast SEO plugin v27.0 - https:\/\/yoast.com\/product\/yoast-seo-wordpress\/ -->\n<title>Maike Backhaus - ZTA Management<\/title>\n<meta name=\"description\" content=\"Drehbuchautorin Maike Backhaus entwickelt Serien- und Filmstoffe mit investigativer Tiefe. Ausgezeichnete Autorin f\u00fcr Podcast und Fiktion.\" \/>\n<meta name=\"robots\" content=\"index, follow, max-snippet:-1, max-image-preview:large, max-video-preview:-1\" \/>\n<link rel=\"canonical\" href=\"https:\/\/zta-management.com\/en\/directors-writers\/maike-backhaus\/\" \/>\n<meta property=\"og:locale\" content=\"en_US\" \/>\n<meta property=\"og:type\" content=\"article\" \/>\n<meta property=\"og:title\" content=\"Maike Backhaus - ZTA Management\" \/>\n<meta property=\"og:description\" content=\"Drehbuchautorin Maike Backhaus entwickelt Serien- und Filmstoffe mit investigativer Tiefe. Ausgezeichnete Autorin f\u00fcr Podcast und Fiktion.\" \/>\n<meta property=\"og:url\" content=\"https:\/\/zta-management.com\/en\/directors-writers\/maike-backhaus\/\" \/>\n<meta property=\"og:site_name\" content=\"ZTA Management\" \/>\n<meta property=\"article:modified_time\" content=\"2026-03-05T07:26:15+00:00\" \/>\n<meta name=\"twitter:card\" content=\"summary_large_image\" \/>\n<meta name=\"twitter:label1\" content=\"Est. reading time\" \/>\n\t<meta name=\"twitter:data1\" content=\"3 minutes\" \/>\n<script type=\"application\/ld+json\" class=\"yoast-schema-graph\">{\"@context\":\"https:\/\/schema.org\",\"@graph\":[{\"@type\":\"WebPage\",\"@id\":\"https:\/\/zta-management.com\/directors-writers\/maike-backhaus\/\",\"url\":\"https:\/\/zta-management.com\/directors-writers\/maike-backhaus\/\",\"name\":\"Maike Backhaus - ZTA Management\",\"isPartOf\":{\"@id\":\"https:\/\/zta-management.com\/en\/#website\"},\"datePublished\":\"2026-03-02T13:52:54+00:00\",\"dateModified\":\"2026-03-05T07:26:15+00:00\",\"description\":\"Drehbuchautorin Maike Backhaus entwickelt Serien- und Filmstoffe mit investigativer Tiefe. Ausgezeichnete Autorin f\u00fcr Podcast und Fiktion.\",\"breadcrumb\":{\"@id\":\"https:\/\/zta-management.com\/directors-writers\/maike-backhaus\/#breadcrumb\"},\"inLanguage\":\"en-US\",\"potentialAction\":[{\"@type\":\"ReadAction\",\"target\":[\"https:\/\/zta-management.com\/directors-writers\/maike-backhaus\/\"]}]},{\"@type\":\"BreadcrumbList\",\"@id\":\"https:\/\/zta-management.com\/directors-writers\/maike-backhaus\/#breadcrumb\",\"itemListElement\":[{\"@type\":\"ListItem\",\"position\":1,\"name\":\"Startseite\",\"item\":\"https:\/\/zta-management.com\/\"},{\"@type\":\"ListItem\",\"position\":2,\"name\":\"From Z To A &#8211; Directors + Writers\",\"item\":\"https:\/\/zta-management.com\/directors-writers\/\"},{\"@type\":\"ListItem\",\"position\":3,\"name\":\"Maike Backhaus\"}]},{\"@type\":\"WebSite\",\"@id\":\"https:\/\/zta-management.com\/en\/#website\",\"url\":\"https:\/\/zta-management.com\/en\/\",\"name\":\"ZTA Management\",\"description\":\"K\u00fcnstler:innen Management\",\"publisher\":{\"@id\":\"https:\/\/zta-management.com\/en\/#organization\"},\"potentialAction\":[{\"@type\":\"SearchAction\",\"target\":{\"@type\":\"EntryPoint\",\"urlTemplate\":\"https:\/\/zta-management.com\/en\/?s={search_term_string}\"},\"query-input\":{\"@type\":\"PropertyValueSpecification\",\"valueRequired\":true,\"valueName\":\"search_term_string\"}}],\"inLanguage\":\"en-US\"},{\"@type\":\"Organization\",\"@id\":\"https:\/\/zta-management.com\/en\/#organization\",\"name\":\"ZTA Management\",\"url\":\"https:\/\/zta-management.com\/en\/\",\"logo\":{\"@type\":\"ImageObject\",\"inLanguage\":\"en-US\",\"@id\":\"https:\/\/zta-management.com\/en\/#\/schema\/logo\/image\/\",\"url\":\"https:\/\/zta-management.com\/wp-content\/uploads\/2025\/06\/ZTA-Logo-blau-rosa.png\",\"contentUrl\":\"https:\/\/zta-management.com\/wp-content\/uploads\/2025\/06\/ZTA-Logo-blau-rosa.png\",\"width\":1200,\"height\":1200,\"caption\":\"ZTA Management\"},\"image\":{\"@id\":\"https:\/\/zta-management.com\/en\/#\/schema\/logo\/image\/\"},\"sameAs\":[\"https:\/\/www.instagram.com\/ztamanagement\/\",\"https:\/\/www.linkedin.com\/in\/zetha-asafu-adjaye-b539b1126\/\"]}]}<\/script>\n<!-- \/ Yoast SEO plugin. -->","yoast_head_json":{"title":"Maike Backhaus - ZTA Management","description":"Drehbuchautorin Maike Backhaus entwickelt Serien- und Filmstoffe mit investigativer Tiefe. Ausgezeichnete Autorin f\u00fcr Podcast und Fiktion.","robots":{"index":"index","follow":"follow","max-snippet":"max-snippet:-1","max-image-preview":"max-image-preview:large","max-video-preview":"max-video-preview:-1"},"canonical":"https:\/\/zta-management.com\/en\/directors-writers\/maike-backhaus\/","og_locale":"en_US","og_type":"article","og_title":"Maike Backhaus - ZTA Management","og_description":"Drehbuchautorin Maike Backhaus entwickelt Serien- und Filmstoffe mit investigativer Tiefe. Ausgezeichnete Autorin f\u00fcr Podcast und Fiktion.","og_url":"https:\/\/zta-management.com\/en\/directors-writers\/maike-backhaus\/","og_site_name":"ZTA Management","article_modified_time":"2026-03-05T07:26:15+00:00","twitter_card":"summary_large_image","twitter_misc":{"Est. reading time":"3 minutes"},"schema":{"@context":"https:\/\/schema.org","@graph":[{"@type":"WebPage","@id":"https:\/\/zta-management.com\/directors-writers\/maike-backhaus\/","url":"https:\/\/zta-management.com\/directors-writers\/maike-backhaus\/","name":"Maike Backhaus - ZTA Management","isPartOf":{"@id":"https:\/\/zta-management.com\/en\/#website"},"datePublished":"2026-03-02T13:52:54+00:00","dateModified":"2026-03-05T07:26:15+00:00","description":"Drehbuchautorin Maike Backhaus entwickelt Serien- und Filmstoffe mit investigativer Tiefe. Ausgezeichnete Autorin f\u00fcr Podcast und Fiktion.","breadcrumb":{"@id":"https:\/\/zta-management.com\/directors-writers\/maike-backhaus\/#breadcrumb"},"inLanguage":"en-US","potentialAction":[{"@type":"ReadAction","target":["https:\/\/zta-management.com\/directors-writers\/maike-backhaus\/"]}]},{"@type":"BreadcrumbList","@id":"https:\/\/zta-management.com\/directors-writers\/maike-backhaus\/#breadcrumb","itemListElement":[{"@type":"ListItem","position":1,"name":"Startseite","item":"https:\/\/zta-management.com\/"},{"@type":"ListItem","position":2,"name":"From Z To A &#8211; Directors + Writers","item":"https:\/\/zta-management.com\/directors-writers\/"},{"@type":"ListItem","position":3,"name":"Maike Backhaus"}]},{"@type":"WebSite","@id":"https:\/\/zta-management.com\/en\/#website","url":"https:\/\/zta-management.com\/en\/","name":"ZTA Management","description":"K\u00fcnstler:innen Management","publisher":{"@id":"https:\/\/zta-management.com\/en\/#organization"},"potentialAction":[{"@type":"SearchAction","target":{"@type":"EntryPoint","urlTemplate":"https:\/\/zta-management.com\/en\/?s={search_term_string}"},"query-input":{"@type":"PropertyValueSpecification","valueRequired":true,"valueName":"search_term_string"}}],"inLanguage":"en-US"},{"@type":"Organization","@id":"https:\/\/zta-management.com\/en\/#organization","name":"ZTA Management","url":"https:\/\/zta-management.com\/en\/","logo":{"@type":"ImageObject","inLanguage":"en-US","@id":"https:\/\/zta-management.com\/en\/#\/schema\/logo\/image\/","url":"https:\/\/zta-management.com\/wp-content\/uploads\/2025\/06\/ZTA-Logo-blau-rosa.png","contentUrl":"https:\/\/zta-management.com\/wp-content\/uploads\/2025\/06\/ZTA-Logo-blau-rosa.png","width":1200,"height":1200,"caption":"ZTA Management"},"image":{"@id":"https:\/\/zta-management.com\/en\/#\/schema\/logo\/image\/"},"sameAs":["https:\/\/www.instagram.com\/ztamanagement\/","https:\/\/www.linkedin.com\/in\/zetha-asafu-adjaye-b539b1126\/"]}]}},"_links":{"self":[{"href":"https:\/\/zta-management.com\/en\/wp-json\/wp\/v2\/pages\/7499","targetHints":{"allow":["GET"]}}],"collection":[{"href":"https:\/\/zta-management.com\/en\/wp-json\/wp\/v2\/pages"}],"about":[{"href":"https:\/\/zta-management.com\/en\/wp-json\/wp\/v2\/types\/page"}],"author":[{"embeddable":true,"href":"https:\/\/zta-management.com\/en\/wp-json\/wp\/v2\/users\/3"}],"replies":[{"embeddable":true,"href":"https:\/\/zta-management.com\/en\/wp-json\/wp\/v2\/comments?post=7499"}],"version-history":[{"count":7,"href":"https:\/\/zta-management.com\/en\/wp-json\/wp\/v2\/pages\/7499\/revisions"}],"predecessor-version":[{"id":7523,"href":"https:\/\/zta-management.com\/en\/wp-json\/wp\/v2\/pages\/7499\/revisions\/7523"}],"up":[{"embeddable":true,"href":"https:\/\/zta-management.com\/en\/wp-json\/wp\/v2\/pages\/4957"}],"wp:attachment":[{"href":"https:\/\/zta-management.com\/en\/wp-json\/wp\/v2\/media?parent=7499"}],"curies":[{"name":"wp","href":"https:\/\/api.w.org\/{rel}","templated":true}]}}