{"id":5955,"date":"2025-02-04T09:32:03","date_gmt":"2025-02-04T08:32:03","guid":{"rendered":"https:\/\/zta-management.com\/?page_id=5955"},"modified":"2025-05-16T16:45:44","modified_gmt":"2025-05-16T14:45:44","slug":"roxana-samadi","status":"publish","type":"page","link":"https:\/\/zta-management.com\/it\/directors-writers\/roxana-samadi\/","title":{"rendered":"Roxana Samadi"},"content":{"rendered":"<div data-elementor-type=\"wp-page\" data-elementor-id=\"5955\" class=\"elementor elementor-5955\" data-elementor-post-type=\"page\">\n\t\t\t\t\t\t<section class=\"elementor-section elementor-top-section elementor-element elementor-element-b568637 elementor-section-height-min-height elementor-section-boxed elementor-section-height-default elementor-section-items-middle\" data-id=\"b568637\" data-element_type=\"section\" data-e-type=\"section\">\n\t\t\t\t\t\t<div class=\"elementor-container elementor-column-gap-default\">\n\t\t\t\t\t<div class=\"elementor-column elementor-col-100 elementor-top-column elementor-element elementor-element-35ba3f1\" data-id=\"35ba3f1\" data-element_type=\"column\" data-e-type=\"column\">\n\t\t\t<div class=\"elementor-widget-wrap elementor-element-populated\">\n\t\t\t\t\t\t<div class=\"elementor-element elementor-element-a74f664 elementor-widget elementor-widget-heading\" data-id=\"a74f664\" data-element_type=\"widget\" data-e-type=\"widget\" data-widget_type=\"heading.default\">\n\t\t\t\t\t<h1 class=\"elementor-heading-title elementor-size-default\">Roxana Samadi<\/h1>\t\t\t\t<\/div>\n\t\t\t\t<div class=\"elementor-element elementor-element-87735e2 elementor-widget elementor-widget-heading\" data-id=\"87735e2\" data-element_type=\"widget\" data-e-type=\"widget\" data-widget_type=\"heading.default\">\n\t\t\t\t\t<h4 class=\"elementor-heading-title elementor-size-default\">Director<\/h4>\t\t\t\t<\/div>\n\t\t\t\t\t<\/div>\n\t\t<\/div>\n\t\t\t\t\t<\/div>\n\t\t<\/section>\n\t\t\t\t<section class=\"elementor-section elementor-top-section elementor-element elementor-element-6013ecdc elementor-section-height-min-height elementor-section-boxed elementor-section-height-default elementor-section-items-middle\" data-id=\"6013ecdc\" data-element_type=\"section\" data-e-type=\"section\" data-settings=\"{&quot;background_background&quot;:&quot;classic&quot;}\">\n\t\t\t\t\t\t<div class=\"elementor-container elementor-column-gap-default\">\n\t\t\t\t\t<div class=\"elementor-column elementor-col-100 elementor-top-column elementor-element elementor-element-2608e1dc\" data-id=\"2608e1dc\" data-element_type=\"column\" data-e-type=\"column\">\n\t\t\t<div class=\"elementor-widget-wrap\">\n\t\t\t\t\t\t\t<\/div>\n\t\t<\/div>\n\t\t\t\t\t<\/div>\n\t\t<\/section>\n\t\t\t\t<section class=\"elementor-section elementor-top-section elementor-element elementor-element-b10521e elementor-section-full_width elementor-section-height-default elementor-section-height-default\" data-id=\"b10521e\" data-element_type=\"section\" data-e-type=\"section\">\n\t\t\t\t\t\t<div class=\"elementor-container elementor-column-gap-default\">\n\t\t\t\t\t<div class=\"elementor-column elementor-col-100 elementor-top-column elementor-element elementor-element-dac4262\" data-id=\"dac4262\" data-element_type=\"column\" data-e-type=\"column\">\n\t\t\t<div class=\"elementor-widget-wrap elementor-element-populated\">\n\t\t\t\t\t\t<div class=\"elementor-element elementor-element-5e0ab86 elementor-align-end elementor-icon-list--layout-traditional elementor-list-item-link-full_width elementor-widget elementor-widget-icon-list\" data-id=\"5e0ab86\" data-element_type=\"widget\" data-e-type=\"widget\" data-widget_type=\"icon-list.default\">\n\t\t\t\t\t\t\t<ul class=\"elementor-icon-list-items\">\n\t\t\t\t\t\t\t<li class=\"elementor-icon-list-item\">\n\t\t\t\t\t\t\t\t\t\t\t<span class=\"elementor-icon-list-icon\">\n\t\t\t\t\t\t\t<i aria-hidden=\"true\" class=\"far fa-copyright\"><\/i>\t\t\t\t\t\t<\/span>\n\t\t\t\t\t\t\t\t\t\t<span class=\"elementor-icon-list-text\">Vero Bielinski<\/span>\n\t\t\t\t\t\t\t\t\t<\/li>\n\t\t\t\t\t\t<\/ul>\n\t\t\t\t\t\t<\/div>\n\t\t\t\t\t<\/div>\n\t\t<\/div>\n\t\t\t\t\t<\/div>\n\t\t<\/section>\n\t\t\t\t<section class=\"elementor-section elementor-top-section elementor-element elementor-element-349274dd elementor-section-boxed elementor-section-height-default elementor-section-height-default\" data-id=\"349274dd\" data-element_type=\"section\" data-e-type=\"section\">\n\t\t\t\t\t\t<div class=\"elementor-container elementor-column-gap-default\">\n\t\t\t\t\t<div class=\"elementor-column elementor-col-100 elementor-top-column elementor-element elementor-element-10c924bc\" data-id=\"10c924bc\" data-element_type=\"column\" data-e-type=\"column\">\n\t\t\t<div class=\"elementor-widget-wrap elementor-element-populated\">\n\t\t\t\t\t\t<div class=\"elementor-element elementor-element-1dd4d832 elementor-view-default elementor-widget elementor-widget-icon\" data-id=\"1dd4d832\" data-element_type=\"widget\" data-e-type=\"widget\" data-widget_type=\"icon.default\">\n\t\t\t\t\t\t\t<div class=\"elementor-icon-wrapper\">\n\t\t\t<div class=\"elementor-icon\">\n\t\t\t<i aria-hidden=\"true\" class=\"fas fa-quote-left\"><\/i>\t\t\t<\/div>\n\t\t<\/div>\n\t\t\t\t\t\t<\/div>\n\t\t\t\t<div class=\"elementor-element elementor-element-2c9f82cd elementor-widget elementor-widget-heading\" data-id=\"2c9f82cd\" data-element_type=\"widget\" data-e-type=\"widget\" data-widget_type=\"heading.default\">\n\t\t\t\t\t<span class=\"elementor-heading-title elementor-size-default\">Il mio lavoro di regista mi permette di combinare le possibilit\u00e0 della narrazione creativa con la responsabilit\u00e0 che ho in una societ\u00e0 democratica. \u00c8 qui che la diversit\u00e0 dei mezzi cinematografici incontra il desiderio di raccontare storie che pongano domande, forniscano spunti di riflessione e aprano nuove realt\u00e0.<\/span>\t\t\t\t<\/div>\n\t\t\t\t<div class=\"elementor-element elementor-element-7e68d18 elementor-view-default elementor-widget elementor-widget-icon\" data-id=\"7e68d18\" data-element_type=\"widget\" data-e-type=\"widget\" data-widget_type=\"icon.default\">\n\t\t\t\t\t\t\t<div class=\"elementor-icon-wrapper\">\n\t\t\t<div class=\"elementor-icon\">\n\t\t\t<i aria-hidden=\"true\" class=\"fas fa-quote-right\"><\/i>\t\t\t<\/div>\n\t\t<\/div>\n\t\t\t\t\t\t<\/div>\n\t\t\t\t<div class=\"elementor-element elementor-element-44ac4272 elementor-shape-circle e-grid-align-left elementor-grid-0 elementor-widget elementor-widget-social-icons\" data-id=\"44ac4272\" data-element_type=\"widget\" data-e-type=\"widget\" data-widget_type=\"social-icons.default\">\n\t\t\t\t\t\t\t<div class=\"elementor-social-icons-wrapper elementor-grid\" role=\"list\">\n\t\t\t\t\t\t\t<span class=\"elementor-grid-item\" role=\"listitem\">\n\t\t\t\t\t<a class=\"elementor-icon elementor-social-icon elementor-social-icon-tv elementor-repeater-item-319ae8e\" href=\"https:\/\/littledream-pictures.com\/portfolio\/freiheit-im-herzen-lasst-es-uns-eilig-haben-menschlich-zu-sein\/\" target=\"_blank\" rel=\"noopener\">\n\t\t\t\t\t\t<span class=\"elementor-screen-only\">Tv<\/span>\n\t\t\t\t\t\t<i aria-hidden=\"true\" class=\"fas fa-tv\"><\/i>\t\t\t\t\t<\/a>\n\t\t\t\t<\/span>\n\t\t\t\t\t\t\t<span class=\"elementor-grid-item\" role=\"listitem\">\n\t\t\t\t\t<a class=\"elementor-icon elementor-social-icon elementor-social-icon-instagram elementor-repeater-item-ea5eec9\" href=\"https:\/\/www.instagram.com\/samadiroxana\/?hl=de\" target=\"_blank\" rel=\"noopener\">\n\t\t\t\t\t\t<span class=\"elementor-screen-only\">Instagram<\/span>\n\t\t\t\t\t\t<i aria-hidden=\"true\" class=\"fab fa-instagram\"><\/i>\t\t\t\t\t<\/a>\n\t\t\t\t<\/span>\n\t\t\t\t\t<\/div>\n\t\t\t\t\t\t<\/div>\n\t\t\t\t\t<\/div>\n\t\t<\/div>\n\t\t\t\t\t<\/div>\n\t\t<\/section>\n\t\t\t\t<section class=\"elementor-section elementor-top-section elementor-element elementor-element-a0c6c20 elementor-section-full_width elementor-section-height-default elementor-section-height-default\" data-id=\"a0c6c20\" data-element_type=\"section\" data-e-type=\"section\">\n\t\t\t\t\t\t<div class=\"elementor-container elementor-column-gap-default\">\n\t\t\t\t\t<div class=\"elementor-column elementor-col-100 elementor-top-column elementor-element elementor-element-5436d89\" data-id=\"5436d89\" data-element_type=\"column\" data-e-type=\"column\">\n\t\t\t<div class=\"elementor-widget-wrap elementor-element-populated\">\n\t\t\t\t\t\t<div class=\"elementor-element elementor-element-8734379 elementor-widget elementor-widget-video\" data-id=\"8734379\" data-element_type=\"widget\" data-e-type=\"widget\" data-settings=\"{&quot;youtube_url&quot;:&quot;https:\\\/\\\/youtu.be\\\/rllXcZ7wr1M&quot;,&quot;video_type&quot;:&quot;youtube&quot;,&quot;controls&quot;:&quot;yes&quot;}\" data-widget_type=\"video.default\">\n\t\t\t\t\t\t\t<div class=\"elementor-wrapper elementor-open-inline\">\n\t\t\t<div class=\"elementor-video\"><\/div>\t\t<\/div>\n\t\t\t\t\t\t<\/div>\n\t\t\t\t\t<\/div>\n\t\t<\/div>\n\t\t\t\t\t<\/div>\n\t\t<\/section>\n\t\t\t\t<section class=\"elementor-section elementor-top-section elementor-element elementor-element-60ffea80 elementor-section-boxed elementor-section-height-default elementor-section-height-default\" data-id=\"60ffea80\" data-element_type=\"section\" data-e-type=\"section\">\n\t\t\t\t\t\t<div class=\"elementor-container elementor-column-gap-default\">\n\t\t\t\t\t<div class=\"elementor-column elementor-col-50 elementor-top-column elementor-element elementor-element-2e46586e\" data-id=\"2e46586e\" data-element_type=\"column\" data-e-type=\"column\">\n\t\t\t<div class=\"elementor-widget-wrap elementor-element-populated\">\n\t\t\t\t\t\t<div class=\"elementor-element elementor-element-4b9d32c4 elementor-widget elementor-widget-heading\" data-id=\"4b9d32c4\" data-element_type=\"widget\" data-e-type=\"widget\" data-widget_type=\"heading.default\">\n\t\t\t\t\t<h2 class=\"elementor-heading-title elementor-size-default\">About<\/h2>\t\t\t\t<\/div>\n\t\t\t\t<div class=\"elementor-element elementor-element-76aa710f elementor-widget elementor-widget-text-editor\" data-id=\"76aa710f\" data-element_type=\"widget\" data-e-type=\"widget\" data-widget_type=\"text-editor.default\">\n\t\t\t\t\t\t\t\t\t<div><p>Roxana Samadi (she\/her) wurde 2001 in K\u00f6ln geboren und ist eine aufstrebende Regisseurin mit einem besonderen Gesp\u00fcr f\u00fcr gesellschaftliche Themen. Als Tochter einer iranischen Familie setzt sie sich verst\u00e4rkt f\u00fcr die Sichtbarkeit der iranischen Diaspora ein. Ihr Deb\u00fctfilm FREIHEIT IM HERZEN &#8211; LASST ES UNS EILIG HABEN, MENSCHLICH ZU SEIN, eine eigenst\u00e4ndig gedrehte Dokumentation, erz\u00e4hlt eindringlich von Identit\u00e4t, Widerstand und Zugeh\u00f6rigkeit. 2024 feierte das Projekt Premiere auf dem renommierten Filmfest Hamburg unter der Leitung von Malika Rabahallah und gewann den Publikumspreis. Im Februar und M\u00e4rz 2025 ging Roxana Samadi mit ihrem Projekt auf Deutschland-Kinotour:<\/p><p>&#8222;<i>Film schafft einen Boden fu\u0308r Empathie. Es ist eine Art <\/i><i>in Verbindung zu treten und einen Diskurs in der <\/i><i>Gesellschaft zu \u00f6ffnen, was fu\u0308r eine Demokratie <\/i><i>immer ein Zugewinn ist. Im Falle von \u201eFreiheit im <\/i><i>Herzen\u201c ist die Form des Dokumentarfilms spannend, <\/i><i>da es sich um einen Moment in der Geschichte <\/i><i>handelt, den es so in der iranischen Diaspora noch nie <\/i><i>gegeben hat. Der Zusammenhalt und die <\/i><i>Unermu\u0308dlichkeit die zutage gelegt wurden, waren so <\/i><i>besonders und inspirierend, dass ich nicht anders <\/i><i>konnte, als genau das in genau dem Moment <\/i><i>festzuhalten. Mit dem Wunsch, m\u00f6glichst dicht am <\/i><i>Geschehen und den Menschen zu sein, um <\/i><i>einzufangen, wie es sich anfu\u0308hlt einer Revolution aus <\/i><i>der Ferne zum Erfolg verhelfen zu wollen und alles <\/i><i>andere beiseitezulegen um unter dem Ruf \u201eFrau* <\/i><i>Leben Freiheit\u201c der Schallverst\u00e4rker der Menschen im <\/i><i>Iran zu sein, begann ich meinen Film \u201eFreiheit im <\/i><i>Herzen&#8220; zu drehen.\u201c<\/i><\/p><p>Oltre al lavoro dietro la macchina da presa, ha maturato una precoce esperienza in campo cinematografico e televisivo e d'ora in poi vorrebbe orientare la sua attenzione creativa anche verso la narrazione e la messa in scena delle proprie storie.<\/p><\/div><p class=\"MsoNormal\" style=\"margin: 0cm; font-family: Calibri, sans-serif; caret-color: #212121; color: #212121; text-align: start; text-size-adjust: auto;\"><span style=\"font-size: 11pt; line-height: 1.2;\">\u00a0<\/span><\/p>\t\t\t\t\t\t\t\t<\/div>\n\t\t\t\t\t<\/div>\n\t\t<\/div>\n\t\t\t\t<div class=\"elementor-column elementor-col-50 elementor-top-column elementor-element elementor-element-31ede49b\" data-id=\"31ede49b\" data-element_type=\"column\" data-e-type=\"column\">\n\t\t\t<div class=\"elementor-widget-wrap elementor-element-populated\">\n\t\t\t\t\t\t<section class=\"elementor-section elementor-inner-section elementor-element elementor-element-782c0eab elementor-section-boxed elementor-section-height-default elementor-section-height-default\" data-id=\"782c0eab\" data-element_type=\"section\" data-e-type=\"section\" data-settings=\"{&quot;background_background&quot;:&quot;classic&quot;}\">\n\t\t\t\t\t\t<div class=\"elementor-container elementor-column-gap-default\">\n\t\t\t\t\t<div class=\"elementor-column elementor-col-100 elementor-inner-column elementor-element elementor-element-66d47ed3\" data-id=\"66d47ed3\" data-element_type=\"column\" data-e-type=\"column\">\n\t\t\t<div class=\"elementor-widget-wrap elementor-element-populated\">\n\t\t\t\t\t\t<div class=\"elementor-element elementor-element-4d200009 elementor-widget elementor-widget-heading\" data-id=\"4d200009\" data-element_type=\"widget\" data-e-type=\"widget\" data-widget_type=\"heading.default\">\n\t\t\t\t\t<h4 class=\"elementor-heading-title elementor-size-default\">Progetti in evidenza<\/h4>\t\t\t\t<\/div>\n\t\t\t\t<div class=\"elementor-element elementor-element-45cf9a51 elementor-icon-list--layout-traditional elementor-list-item-link-full_width elementor-widget elementor-widget-icon-list\" data-id=\"45cf9a51\" data-element_type=\"widget\" data-e-type=\"widget\" data-widget_type=\"icon-list.default\">\n\t\t\t\t\t\t\t<ul class=\"elementor-icon-list-items\">\n\t\t\t\t\t\t\t<li class=\"elementor-icon-list-item\">\n\t\t\t\t\t\t\t\t\t\t\t<a href=\"https:\/\/littledream-pictures.com\/portfolio\/freiheit-im-herzen-lasst-es-uns-eilig-haben-menschlich-zu-sein\/\" target=\"_blank\" rel=\"noopener\">\n\n\t\t\t\t\t\t\t\t\t\t\t\t<span class=\"elementor-icon-list-icon\">\n\t\t\t\t\t\t\t<i aria-hidden=\"true\" class=\"lineal lineal-arrow-right\"><\/i>\t\t\t\t\t\t<\/span>\n\t\t\t\t\t\t\t\t\t\t<span class=\"elementor-icon-list-text\">Freiheit im Herzen<\/span>\n\t\t\t\t\t\t\t\t\t\t\t<\/a>\n\t\t\t\t\t\t\t\t\t<\/li>\n\t\t\t\t\t\t\t\t<li class=\"elementor-icon-list-item\">\n\t\t\t\t\t\t\t\t\t\t\t<a href=\"https:\/\/www.film-rezensionen.de\/2025\/02\/freiheit-im-herzen-lasst-es-uns-eilig-haben-menschlich-zu-sein\/\" target=\"_blank\" rel=\"noopener\">\n\n\t\t\t\t\t\t\t\t\t\t\t\t<span class=\"elementor-icon-list-icon\">\n\t\t\t\t\t\t\t<i aria-hidden=\"true\" class=\"lineal lineal-arrow-right\"><\/i>\t\t\t\t\t\t<\/span>\n\t\t\t\t\t\t\t\t\t\t<span class=\"elementor-icon-list-text\">Rezension<\/span>\n\t\t\t\t\t\t\t\t\t\t\t<\/a>\n\t\t\t\t\t\t\t\t\t<\/li>\n\t\t\t\t\t\t<\/ul>\n\t\t\t\t\t\t<\/div>\n\t\t\t\t<div class=\"elementor-element elementor-element-65541273 elementor-widget elementor-widget-button\" data-id=\"65541273\" data-element_type=\"widget\" data-e-type=\"widget\" data-widget_type=\"button.default\">\n\t\t\t\t\t\t\t\t\t\t<a class=\"elementor-button elementor-button-link elementor-size-sm\" href=\"https:\/\/zta-management.com\/wp-content\/uploads\/2025\/02\/ZTA_CV_Roxana-Samadi_Regie.pdf\">\n\t\t\t\t\t\t<span class=\"elementor-button-content-wrapper\">\n\t\t\t\t\t\t<span class=\"elementor-button-icon\">\n\t\t\t\t<i aria-hidden=\"true\" class=\"fas fa-file-download\"><\/i>\t\t\t<\/span>\n\t\t\t\t\t\t\t\t\t<span class=\"elementor-button-text\">Download CV<\/span>\n\t\t\t\t\t<\/span>\n\t\t\t\t\t<\/a>\n\t\t\t\t\t\t\t\t<\/div>\n\t\t\t\t\t<\/div>\n\t\t<\/div>\n\t\t\t\t\t<\/div>\n\t\t<\/section>\n\t\t\t\t\t<\/div>\n\t\t<\/div>\n\t\t\t\t\t<\/div>\n\t\t<\/section>\n\t\t\t\t<\/div>","protected":false},"excerpt":{"rendered":"<p>Roxana Samadi Director Vero Bielinski Mit meiner Regiearbeit kann ich die M\u00f6glichkeiten des kreativen Erz\u00e4hlens mit meiner Verantwortung, die ich in einer demokratischen Gesellschaft habe, vereinen. Da begegnet die Vielfalt der filmischen Mittel, dem Wunsch Geschichten zu erz\u00e4hlen, die Fragen stellen, Denkanst\u00f6\u00dfe geben und neue Realit\u00e4ten er\u00f6ffnen. Tv Instagram About Roxana Samadi (she\/her) wurde 2001 [&hellip;]<\/p>\n","protected":false},"author":3,"featured_media":0,"parent":4957,"menu_order":0,"comment_status":"closed","ping_status":"closed","template":"elementor_header_footer","meta":{"inline_featured_image":false,"footnotes":""},"class_list":["post-5955","page","type-page","status-publish","hentry"],"yoast_head":"<!-- This site is optimized with the Yoast SEO plugin v27.0 - https:\/\/yoast.com\/product\/yoast-seo-wordpress\/ -->\n<title>Roxana Samadi - ZTA Management<\/title>\n<meta name=\"robots\" content=\"index, follow, max-snippet:-1, max-image-preview:large, max-video-preview:-1\" \/>\n<link rel=\"canonical\" href=\"https:\/\/zta-management.com\/it\/directors-writers\/roxana-samadi\/\" \/>\n<meta property=\"og:locale\" content=\"it_IT\" \/>\n<meta property=\"og:type\" content=\"article\" \/>\n<meta property=\"og:title\" content=\"Roxana Samadi - ZTA Management\" \/>\n<meta property=\"og:description\" content=\"Roxana Samadi Director Vero Bielinski Mit meiner Regiearbeit kann ich die M\u00f6glichkeiten des kreativen Erz\u00e4hlens mit meiner Verantwortung, die ich in einer demokratischen Gesellschaft habe, vereinen. Da begegnet die Vielfalt der filmischen Mittel, dem Wunsch Geschichten zu erz\u00e4hlen, die Fragen stellen, Denkanst\u00f6\u00dfe geben und neue Realit\u00e4ten er\u00f6ffnen. Tv Instagram About Roxana Samadi (she\/her) wurde 2001 [&hellip;]\" \/>\n<meta property=\"og:url\" content=\"https:\/\/zta-management.com\/it\/directors-writers\/roxana-samadi\/\" \/>\n<meta property=\"og:site_name\" content=\"ZTA Management\" \/>\n<meta property=\"article:modified_time\" content=\"2025-05-16T14:45:44+00:00\" \/>\n<meta name=\"twitter:card\" content=\"summary_large_image\" \/>\n<meta name=\"twitter:label1\" content=\"Tempo di lettura stimato\" \/>\n\t<meta name=\"twitter:data1\" content=\"2 minuti\" \/>\n<script type=\"application\/ld+json\" class=\"yoast-schema-graph\">{\"@context\":\"https:\/\/schema.org\",\"@graph\":[{\"@type\":\"WebPage\",\"@id\":\"https:\/\/zta-management.com\/directors-writers\/roxana-samadi\/\",\"url\":\"https:\/\/zta-management.com\/directors-writers\/roxana-samadi\/\",\"name\":\"Roxana Samadi - ZTA Management\",\"isPartOf\":{\"@id\":\"https:\/\/zta-management.com\/en\/#website\"},\"datePublished\":\"2025-02-04T08:32:03+00:00\",\"dateModified\":\"2025-05-16T14:45:44+00:00\",\"breadcrumb\":{\"@id\":\"https:\/\/zta-management.com\/directors-writers\/roxana-samadi\/#breadcrumb\"},\"inLanguage\":\"it-IT\",\"potentialAction\":[{\"@type\":\"ReadAction\",\"target\":[\"https:\/\/zta-management.com\/directors-writers\/roxana-samadi\/\"]}]},{\"@type\":\"BreadcrumbList\",\"@id\":\"https:\/\/zta-management.com\/directors-writers\/roxana-samadi\/#breadcrumb\",\"itemListElement\":[{\"@type\":\"ListItem\",\"position\":1,\"name\":\"Startseite\",\"item\":\"https:\/\/zta-management.com\/\"},{\"@type\":\"ListItem\",\"position\":2,\"name\":\"From Z To A &#8211; Directors + Writers\",\"item\":\"https:\/\/zta-management.com\/directors-writers\/\"},{\"@type\":\"ListItem\",\"position\":3,\"name\":\"Roxana Samadi\"}]},{\"@type\":\"WebSite\",\"@id\":\"https:\/\/zta-management.com\/en\/#website\",\"url\":\"https:\/\/zta-management.com\/en\/\",\"name\":\"ZTA Management\",\"description\":\"K\u00fcnstler:innen Management\",\"publisher\":{\"@id\":\"https:\/\/zta-management.com\/en\/#organization\"},\"potentialAction\":[{\"@type\":\"SearchAction\",\"target\":{\"@type\":\"EntryPoint\",\"urlTemplate\":\"https:\/\/zta-management.com\/en\/?s={search_term_string}\"},\"query-input\":{\"@type\":\"PropertyValueSpecification\",\"valueRequired\":true,\"valueName\":\"search_term_string\"}}],\"inLanguage\":\"it-IT\"},{\"@type\":\"Organization\",\"@id\":\"https:\/\/zta-management.com\/en\/#organization\",\"name\":\"ZTA Management\",\"url\":\"https:\/\/zta-management.com\/en\/\",\"logo\":{\"@type\":\"ImageObject\",\"inLanguage\":\"it-IT\",\"@id\":\"https:\/\/zta-management.com\/en\/#\/schema\/logo\/image\/\",\"url\":\"https:\/\/zta-management.com\/wp-content\/uploads\/2025\/06\/ZTA-Logo-blau-rosa.png\",\"contentUrl\":\"https:\/\/zta-management.com\/wp-content\/uploads\/2025\/06\/ZTA-Logo-blau-rosa.png\",\"width\":1200,\"height\":1200,\"caption\":\"ZTA Management\"},\"image\":{\"@id\":\"https:\/\/zta-management.com\/en\/#\/schema\/logo\/image\/\"},\"sameAs\":[\"https:\/\/www.instagram.com\/ztamanagement\/\",\"https:\/\/www.linkedin.com\/in\/zetha-asafu-adjaye-b539b1126\/\"]}]}<\/script>\n<!-- \/ Yoast SEO plugin. -->","yoast_head_json":{"title":"Roxana Samadi - ZTA Management","robots":{"index":"index","follow":"follow","max-snippet":"max-snippet:-1","max-image-preview":"max-image-preview:large","max-video-preview":"max-video-preview:-1"},"canonical":"https:\/\/zta-management.com\/it\/directors-writers\/roxana-samadi\/","og_locale":"it_IT","og_type":"article","og_title":"Roxana Samadi - ZTA Management","og_description":"Roxana Samadi Director Vero Bielinski Mit meiner Regiearbeit kann ich die M\u00f6glichkeiten des kreativen Erz\u00e4hlens mit meiner Verantwortung, die ich in einer demokratischen Gesellschaft habe, vereinen. Da begegnet die Vielfalt der filmischen Mittel, dem Wunsch Geschichten zu erz\u00e4hlen, die Fragen stellen, Denkanst\u00f6\u00dfe geben und neue Realit\u00e4ten er\u00f6ffnen. Tv Instagram About Roxana Samadi (she\/her) wurde 2001 [&hellip;]","og_url":"https:\/\/zta-management.com\/it\/directors-writers\/roxana-samadi\/","og_site_name":"ZTA Management","article_modified_time":"2025-05-16T14:45:44+00:00","twitter_card":"summary_large_image","twitter_misc":{"Tempo di lettura stimato":"2 minuti"},"schema":{"@context":"https:\/\/schema.org","@graph":[{"@type":"WebPage","@id":"https:\/\/zta-management.com\/directors-writers\/roxana-samadi\/","url":"https:\/\/zta-management.com\/directors-writers\/roxana-samadi\/","name":"Roxana Samadi - ZTA Management","isPartOf":{"@id":"https:\/\/zta-management.com\/en\/#website"},"datePublished":"2025-02-04T08:32:03+00:00","dateModified":"2025-05-16T14:45:44+00:00","breadcrumb":{"@id":"https:\/\/zta-management.com\/directors-writers\/roxana-samadi\/#breadcrumb"},"inLanguage":"it-IT","potentialAction":[{"@type":"ReadAction","target":["https:\/\/zta-management.com\/directors-writers\/roxana-samadi\/"]}]},{"@type":"BreadcrumbList","@id":"https:\/\/zta-management.com\/directors-writers\/roxana-samadi\/#breadcrumb","itemListElement":[{"@type":"ListItem","position":1,"name":"Startseite","item":"https:\/\/zta-management.com\/"},{"@type":"ListItem","position":2,"name":"From Z To A &#8211; Directors + Writers","item":"https:\/\/zta-management.com\/directors-writers\/"},{"@type":"ListItem","position":3,"name":"Roxana Samadi"}]},{"@type":"WebSite","@id":"https:\/\/zta-management.com\/en\/#website","url":"https:\/\/zta-management.com\/en\/","name":"ZTA Management","description":"K\u00fcnstler:innen Management","publisher":{"@id":"https:\/\/zta-management.com\/en\/#organization"},"potentialAction":[{"@type":"SearchAction","target":{"@type":"EntryPoint","urlTemplate":"https:\/\/zta-management.com\/en\/?s={search_term_string}"},"query-input":{"@type":"PropertyValueSpecification","valueRequired":true,"valueName":"search_term_string"}}],"inLanguage":"it-IT"},{"@type":"Organization","@id":"https:\/\/zta-management.com\/en\/#organization","name":"ZTA Management","url":"https:\/\/zta-management.com\/en\/","logo":{"@type":"ImageObject","inLanguage":"it-IT","@id":"https:\/\/zta-management.com\/en\/#\/schema\/logo\/image\/","url":"https:\/\/zta-management.com\/wp-content\/uploads\/2025\/06\/ZTA-Logo-blau-rosa.png","contentUrl":"https:\/\/zta-management.com\/wp-content\/uploads\/2025\/06\/ZTA-Logo-blau-rosa.png","width":1200,"height":1200,"caption":"ZTA Management"},"image":{"@id":"https:\/\/zta-management.com\/en\/#\/schema\/logo\/image\/"},"sameAs":["https:\/\/www.instagram.com\/ztamanagement\/","https:\/\/www.linkedin.com\/in\/zetha-asafu-adjaye-b539b1126\/"]}]}},"_links":{"self":[{"href":"https:\/\/zta-management.com\/it\/wp-json\/wp\/v2\/pages\/5955","targetHints":{"allow":["GET"]}}],"collection":[{"href":"https:\/\/zta-management.com\/it\/wp-json\/wp\/v2\/pages"}],"about":[{"href":"https:\/\/zta-management.com\/it\/wp-json\/wp\/v2\/types\/page"}],"author":[{"embeddable":true,"href":"https:\/\/zta-management.com\/it\/wp-json\/wp\/v2\/users\/3"}],"replies":[{"embeddable":true,"href":"https:\/\/zta-management.com\/it\/wp-json\/wp\/v2\/comments?post=5955"}],"version-history":[{"count":23,"href":"https:\/\/zta-management.com\/it\/wp-json\/wp\/v2\/pages\/5955\/revisions"}],"predecessor-version":[{"id":6521,"href":"https:\/\/zta-management.com\/it\/wp-json\/wp\/v2\/pages\/5955\/revisions\/6521"}],"up":[{"embeddable":true,"href":"https:\/\/zta-management.com\/it\/wp-json\/wp\/v2\/pages\/4957"}],"wp:attachment":[{"href":"https:\/\/zta-management.com\/it\/wp-json\/wp\/v2\/media?parent=5955"}],"curies":[{"name":"wp","href":"https:\/\/api.w.org\/{rel}","templated":true}]}}